{"id":51,"date":"2021-10-02T10:18:24","date_gmt":"2021-10-02T10:18:24","guid":{"rendered":"https:\/\/metalteco.com\/?page_id=10382"},"modified":"2022-10-03T19:41:35","modified_gmt":"2022-10-03T19:41:35","slug":"catalogos-estructuras-metalicas","status":"publish","type":"page","link":"https:\/\/metalteco.com\/es\/catalogos-estructuras-metalicas\/","title":{"rendered":"CAT\u00c1LOGOS ESTRUCTURAS"},"content":{"rendered":"\t\t<div data-elementor-type=\"wp-page\" data-elementor-id=\"51\" class=\"elementor elementor-51\" data-elementor-post-type=\"page\">\n\t\t\t\t\t\t<section class=\"elementor-section elementor-top-section elementor-element elementor-element-79ba01a6 elementor-section-stretched elementor-section-full_width elementor-section-height-default elementor-section-height-default\" data-id=\"79ba01a6\" data-element_type=\"section\" data-e-type=\"section\" data-settings=\"{&quot;stretch_section&quot;:&quot;section-stretched&quot;}\">\n\t\t\t\t\t\t<div class=\"elementor-container elementor-column-gap-no\">\n\t\t\t\t\t<div class=\"elementor-column elementor-col-100 elementor-top-column elementor-element elementor-element-3d8229f8\" data-id=\"3d8229f8\" data-element_type=\"column\" data-e-type=\"column\">\n\t\t\t<div class=\"elementor-widget-wrap elementor-element-populated\">\n\t\t\t\t\t\t\t<\/div>\n\t\t<\/div>\n\t\t\t\t\t<\/div>\n\t\t<\/section>\n\t\t\t\t<div class=\"elementor-section elementor-top-section elementor-element elementor-element-eee3679 elementor-section-full_width elementor-section-stretched elementor-section-height-default elementor-section-height-default\" data-id=\"eee3679\" data-element_type=\"section\" data-e-type=\"section\" data-settings=\"{&quot;stretch_section&quot;:&quot;section-stretched&quot;}\">\n\t\t\t\t\t\t<div class=\"elementor-container elementor-column-gap-no\">\n\t\t\t\t\t<div class=\"elementor-column elementor-col-100 elementor-top-column elementor-element elementor-element-68957fd\" data-id=\"68957fd\" data-element_type=\"column\" data-e-type=\"column\">\n\t\t\t<div class=\"elementor-widget-wrap elementor-element-populated\">\n\t\t\t\t\t\t<div class=\"elementor-element elementor-element-abb33a5 elementor-widget elementor-widget-template\" data-id=\"abb33a5\" data-element_type=\"widget\" data-e-type=\"widget\" data-widget_type=\"template.default\">\n\t\t\t\t<div class=\"elementor-widget-container\">\n\t\t\t\t\t\t\t<div class=\"elementor-template\">\n\t\t\t\t\t<div data-elementor-type=\"section\" data-elementor-id=\"4292\" class=\"elementor elementor-4292\" data-elementor-post-type=\"elementor_library\">\n\t\t\t\t\t<header class=\"elementor-section elementor-top-section elementor-element elementor-element-a9d4ebf elementor-section-full_width elementor-section-height-min-height elementor-section-items-bottom elementor-section-height-default\" data-id=\"a9d4ebf\" data-element_type=\"section\" data-e-type=\"section\" data-settings=\"{&quot;background_background&quot;:&quot;classic&quot;}\">\n\t\t\t\t\t\t<div class=\"elementor-container elementor-column-gap-no\">\n\t\t\t\t\t<div class=\"elementor-column elementor-col-100 elementor-top-column elementor-element elementor-element-1e1dbf3\" data-id=\"1e1dbf3\" data-element_type=\"column\" data-e-type=\"column\">\n\t\t\t<div class=\"elementor-widget-wrap elementor-element-populated\">\n\t\t\t\t\t\t<section class=\"elementor-section elementor-inner-section elementor-element elementor-element-2c6c2d3 elementor-section-boxed elementor-section-height-default elementor-section-height-default\" data-id=\"2c6c2d3\" data-element_type=\"section\" data-e-type=\"section\">\n\t\t\t\t\t\t<div class=\"elementor-container elementor-column-gap-default\">\n\t\t\t\t\t<div class=\"elementor-column elementor-col-100 elementor-inner-column elementor-element elementor-element-f0fc2f8\" data-id=\"f0fc2f8\" data-element_type=\"column\" data-e-type=\"column\">\n\t\t\t<div class=\"elementor-widget-wrap elementor-element-populated\">\n\t\t\t\t\t\t<div class=\"elementor-element elementor-element-dd64de0 elementor-widget elementor-widget-heading\" data-id=\"dd64de0\" data-element_type=\"widget\" data-e-type=\"widget\" data-widget_type=\"heading.default\">\n\t\t\t\t<div class=\"elementor-widget-container\">\n\t\t\t\t\t<h2 class=\"elementor-heading-title elementor-size-default\">Metalteco<\/h2>\t\t\t\t<\/div>\n\t\t\t\t<\/div>\n\t\t\t\t<div class=\"elementor-element elementor-element-f267f5b elementor-widget elementor-widget-heading\" data-id=\"f267f5b\" data-element_type=\"widget\" data-e-type=\"widget\" data-widget_type=\"heading.default\">\n\t\t\t\t<div class=\"elementor-widget-container\">\n\t\t\t\t\t<h2 class=\"elementor-heading-title elementor-size-default\">Cat\u00e1logos.<\/h2>\t\t\t\t<\/div>\n\t\t\t\t<\/div>\n\t\t\t\t\t<\/div>\n\t\t<\/div>\n\t\t\t\t\t<\/div>\n\t\t<\/section>\n\t\t\t\t\t<\/div>\n\t\t<\/div>\n\t\t\t\t\t<\/div>\n\t\t<\/header>\n\t\t\t\t<\/div>\n\t\t\t\t<\/div>\n\t\t\t\t\t\t<\/div>\n\t\t\t\t<\/div>\n\t\t\t\t\t<\/div>\n\t\t<\/div>\n\t\t\t\t\t<\/div>\n\t\t<\/div>\n\t\t\t\t<section class=\"elementor-section elementor-top-section elementor-element elementor-element-57b3cdd0 elementor-section-boxed elementor-section-height-default elementor-section-height-default\" data-id=\"57b3cdd0\" data-element_type=\"section\" data-e-type=\"section\">\n\t\t\t\t\t\t<div class=\"elementor-container elementor-column-gap-no\">\n\t\t\t\t\t<div class=\"elementor-column elementor-col-100 elementor-top-column elementor-element elementor-element-5f2885d8\" data-id=\"5f2885d8\" data-element_type=\"column\" data-e-type=\"column\">\n\t\t\t<div class=\"elementor-widget-wrap elementor-element-populated\">\n\t\t\t\t\t\t<div class=\"elementor-element elementor-element-62e8525e elementor-widget elementor-widget-heading\" data-id=\"62e8525e\" data-element_type=\"widget\" data-e-type=\"widget\" data-widget_type=\"heading.default\">\n\t\t\t\t<div class=\"elementor-widget-container\">\n\t\t\t\t\t<h1 class=\"elementor-heading-title elementor-size-default\">CAT\u00c1LOGOS ESTRUCTURAS MET\u00c1LICAS<span style=\"color: #ed1c24\">.<\/span><\/h1>\t\t\t\t<\/div>\n\t\t\t\t<\/div>\n\t\t\t\t<div class=\"elementor-element elementor-element-4c18ffbd elementor-widget elementor-widget-text-editor\" data-id=\"4c18ffbd\" data-element_type=\"widget\" data-e-type=\"widget\" data-widget_type=\"text-editor.default\">\n\t\t\t\t<div class=\"elementor-widget-container\">\n\t\t\t\t\t\t\t\t\t<p style=\"text-align: center;\">Descarga los cat\u00e1logos que <strong>Metalteco<\/strong> ha puesto a tu disposici\u00f3n. Si necesitas <strong>m\u00e1s informaci\u00f3n, cont\u00e1ctanos<\/strong>.<\/p>\t\t\t\t\t\t\t\t<\/div>\n\t\t\t\t<\/div>\n\t\t\t\t\t<\/div>\n\t\t<\/div>\n\t\t\t\t\t<\/div>\n\t\t<\/section>\n\t\t\t\t<section class=\"elementor-section elementor-top-section elementor-element elementor-element-5e9b212e elementor-section-boxed elementor-section-height-default elementor-section-height-default\" data-id=\"5e9b212e\" data-element_type=\"section\" data-e-type=\"section\">\n\t\t\t\t\t\t<div class=\"elementor-container elementor-column-gap-no\">\n\t\t\t\t\t<div class=\"elementor-column elementor-col-100 elementor-top-column elementor-element elementor-element-6e781128\" data-id=\"6e781128\" data-element_type=\"column\" data-e-type=\"column\">\n\t\t\t<div class=\"elementor-widget-wrap elementor-element-populated\">\n\t\t\t\t\t\t<div class=\"elementor-element elementor-element-45b6f985 elementor-grid-eael-col-5 elementor-grid-tablet-eael-col-2 elementor-grid-mobile-eael-col-1 elementor-widget elementor-widget-eael-post-grid\" data-id=\"45b6f985\" data-element_type=\"widget\" data-e-type=\"widget\" data-settings=\"{&quot;eael_post_grid_columns&quot;:&quot;eael-col-5&quot;,&quot;eael_post_grid_columns_tablet&quot;:&quot;eael-col-2&quot;,&quot;eael_post_grid_columns_mobile&quot;:&quot;eael-col-1&quot;}\" data-widget_type=\"eael-post-grid.default\">\n\t\t\t\t<div class=\"elementor-widget-container\">\n\t\t\t\t\t<div id=\"eael-post-grid-45b6f985\" class=\"eael-post-grid-container\">\n            <div class=\"eael-post-grid eael-post-appender eael-post-appender-45b6f985 eael-post-grid-style-one\" data-layout-mode=\"masonry\"><article class=\"eael-grid-post  eael-post-grid-column eael-pg-post-957 category-catalogos-estructuras-metalicas-sin-categoria\" data-id=\"957\">\n        <div class=\"eael-grid-post-holder\">\n            <div class=\"eael-grid-post-holder-inner\"><div class=\"eael-entry-media\"><div class=\"eael-entry-overlay fade-in\"><img decoding=\"async\" src=\"https:\/\/metalteco.com\/wp-content\/uploads\/2022\/08\/icono-metalteco.svg\" alt=\"Icono Metalteco\" \/><a href=\"https:\/\/metalteco.com\/es\/catalogo-estructuras\/\"><\/a><\/div><div class=\"eael-entry-thumbnail \">\n                <img fetchpriority=\"high\" decoding=\"async\" width=\"480\" height=\"480\" src=\"https:\/\/metalteco.com\/wp-content\/uploads\/estructuras-metalicas-metalteco-catalogo-min.jpg\" class=\"attachment-full size-full wp-image-53\" alt=\"\" srcset=\"https:\/\/metalteco.com\/wp-content\/uploads\/estructuras-metalicas-metalteco-catalogo-min.jpg 480w, https:\/\/metalteco.com\/wp-content\/uploads\/estructuras-metalicas-metalteco-catalogo-min-300x300.jpg 300w, https:\/\/metalteco.com\/wp-content\/uploads\/estructuras-metalicas-metalteco-catalogo-min-150x150.jpg 150w\" sizes=\"(max-width: 480px) 100vw, 480px\" \/>\n            <\/div>\n        <\/div><div class=\"eael-entry-wrapper\"><header class=\"eael-entry-header\"><h2 class=\"eael-entry-title\"><a class=\"eael-grid-post-link\" href=\"https:\/\/metalteco.com\/es\/catalogo-estructuras\/\" title=\"CAT\u00c1LOGO DE ESTRUCTURAS MET\u00c1LICAS\">CAT\u00c1LOGO DE ESTRUCTURAS MET\u00c1LICAS<\/a><\/h2><\/header><\/div><\/div>\n        <\/div>\n    <\/article><article class=\"eael-grid-post  eael-post-grid-column eael-pg-post-952 category-catalogos-estructuras-metalicas-catalogos-puertos\" data-id=\"952\">\n        <div class=\"eael-grid-post-holder\">\n            <div class=\"eael-grid-post-holder-inner\"><div class=\"eael-entry-media\"><div class=\"eael-entry-overlay fade-in\"><img decoding=\"async\" src=\"https:\/\/metalteco.com\/wp-content\/uploads\/2022\/08\/icono-metalteco.svg\" alt=\"Icono Metalteco\" \/><a href=\"https:\/\/metalteco.com\/es\/catalogo-estructuras-torres-y-pasarelas\/\"><\/a><\/div><div class=\"eael-entry-thumbnail \">\n                <img decoding=\"async\" width=\"480\" height=\"480\" src=\"https:\/\/metalteco.com\/wp-content\/uploads\/estructuras-pasarelas-catalogo-metalteco-min.jpg\" class=\"attachment-full size-full wp-image-54\" alt=\"\" srcset=\"https:\/\/metalteco.com\/wp-content\/uploads\/estructuras-pasarelas-catalogo-metalteco-min.jpg 480w, https:\/\/metalteco.com\/wp-content\/uploads\/estructuras-pasarelas-catalogo-metalteco-min-300x300.jpg 300w, https:\/\/metalteco.com\/wp-content\/uploads\/estructuras-pasarelas-catalogo-metalteco-min-150x150.jpg 150w\" sizes=\"(max-width: 480px) 100vw, 480px\" \/>\n            <\/div>\n        <\/div><div class=\"eael-entry-wrapper\"><header class=\"eael-entry-header\"><h2 class=\"eael-entry-title\"><a class=\"eael-grid-post-link\" href=\"https:\/\/metalteco.com\/es\/catalogo-estructuras-torres-y-pasarelas\/\" title=\"CAT\u00c1LOGO ESTRUCTURAS, TORRES Y PASARELAS\">CAT\u00c1LOGO ESTRUCTURAS, TORRES Y PASARELAS<\/a><\/h2><\/header><\/div><\/div>\n        <\/div>\n    <\/article><\/div>\n            <div class=\"clearfix\"><\/div>\n        <\/div>\t\t\t\t<\/div>\n\t\t\t\t<\/div>\n\t\t\t\t\t<\/div>\n\t\t<\/div>\n\t\t\t\t\t<\/div>\n\t\t<\/section>\n\t\t\t\t<\/div>\n\t\t","protected":false},"excerpt":{"rendered":"<p>CAT\u00c1LOGOS ESTRUCTURAS MET\u00c1LICAS. Descarga los cat\u00e1logos que Metalteco ha puesto a tu disposici\u00f3n. Si necesitas m\u00e1s informaci\u00f3n, cont\u00e1ctanos. CAT\u00c1LOGO DE ESTRUCTURAS MET\u00c1LICAS CAT\u00c1LOGO ESTRUCTURAS, TORRES Y PASARELAS<\/p>\n","protected":false},"author":3,"featured_media":37,"parent":0,"menu_order":0,"comment_status":"closed","ping_status":"closed","template":"elementor_header_footer","meta":{"site-sidebar-layout":"no-sidebar","site-content-layout":"page-builder","ast-site-content-layout":"default","site-content-style":"default","site-sidebar-style":"default","ast-global-header-display":"","ast-banner-title-visibility":"","ast-main-header-display":"","ast-hfb-above-header-display":"","ast-hfb-below-header-display":"","ast-hfb-mobile-header-display":"","site-post-title":"disabled","ast-breadcrumbs-content":"","ast-featured-img":"disabled","footer-sml-layout":"","ast-disable-related-posts":"","theme-transparent-header-meta":"default","adv-header-id-meta":"","stick-header-meta":"","header-above-stick-meta":"","header-main-stick-meta":"","header-below-stick-meta":"","astra-migrate-meta-layouts":"default","ast-page-background-enabled":"default","ast-page-background-meta":{"desktop":{"background-color":"var(--ast-global-color-4)","background-image":"","background-repeat":"repeat","background-position":"center center","background-size":"auto","background-attachment":"scroll","background-type":"","background-media":"","overlay-type":"","overlay-color":"","overlay-opacity":"","overlay-gradient":""},"tablet":{"background-color":"","background-image":"","background-repeat":"repeat","background-position":"center center","background-size":"auto","background-attachment":"scroll","background-type":"","background-media":"","overlay-type":"","overlay-color":"","overlay-opacity":"","overlay-gradient":""},"mobile":{"background-color":"","background-image":"","background-repeat":"repeat","background-position":"center center","background-size":"auto","background-attachment":"scroll","background-type":"","background-media":"","overlay-type":"","overlay-color":"","overlay-opacity":"","overlay-gradient":""}},"ast-content-background-meta":{"desktop":{"background-color":"var(--ast-global-color-5)","background-image":"","background-repeat":"repeat","background-position":"center center","background-size":"auto","background-attachment":"scroll","background-type":"","background-media":"","overlay-type":"","overlay-color":"","overlay-opacity":"","overlay-gradient":""},"tablet":{"background-color":"var(--ast-global-color-5)","background-image":"","background-repeat":"repeat","background-position":"center center","background-size":"auto","background-attachment":"scroll","background-type":"","background-media":"","overlay-type":"","overlay-color":"","overlay-opacity":"","overlay-gradient":""},"mobile":{"background-color":"var(--ast-global-color-5)","background-image":"","background-repeat":"repeat","background-position":"center center","background-size":"auto","background-attachment":"scroll","background-type":"","background-media":"","overlay-type":"","overlay-color":"","overlay-opacity":"","overlay-gradient":""}},"footnotes":""},"class_list":["post-51","page","type-page","status-publish","has-post-thumbnail","hentry"],"yoast_head":"<!-- This site is optimized with the Yoast SEO plugin v27.3 - https:\/\/yoast.com\/product\/yoast-seo-wordpress\/ -->\n<title>CAT\u00c1LOGOS ESTRUCTURAS - Plantas Completas para Alimentos Balanceados, Extracci\u00f3n de Aceite de Palma y Terminales Portuarias de Graneles Secos<\/title>\n<meta name=\"robots\" content=\"index, follow, max-snippet:-1, max-image-preview:large, max-video-preview:-1\" \/>\n<link rel=\"canonical\" href=\"https:\/\/metalteco.com\/es\/catalogos-estructuras-metalicas\/\" \/>\n<meta property=\"og:locale\" content=\"es_ES\" \/>\n<meta property=\"og:type\" content=\"article\" \/>\n<meta property=\"og:title\" content=\"CAT\u00c1LOGOS ESTRUCTURAS - Plantas Completas para Alimentos Balanceados, Extracci\u00f3n de Aceite de Palma y Terminales Portuarias de Graneles Secos\" \/>\n<meta property=\"og:description\" content=\"CAT\u00c1LOGOS ESTRUCTURAS MET\u00c1LICAS. Descarga los cat\u00e1logos que Metalteco ha puesto a tu disposici\u00f3n. Si necesitas m\u00e1s informaci\u00f3n, cont\u00e1ctanos. CAT\u00c1LOGO DE ESTRUCTURAS MET\u00c1LICAS CAT\u00c1LOGO ESTRUCTURAS, TORRES Y PASARELAS\" \/>\n<meta property=\"og:url\" content=\"https:\/\/metalteco.com\/es\/catalogos-estructuras-metalicas\/\" \/>\n<meta property=\"og:site_name\" content=\"Plantas Completas para Alimentos Balanceados, Extracci\u00f3n de Aceite de Palma y Terminales Portuarias de Graneles Secos\" \/>\n<meta property=\"article:publisher\" content=\"http:\/\/facebook.com\/metalteco\" \/>\n<meta property=\"article:modified_time\" content=\"2022-10-03T19:41:35+00:00\" \/>\n<meta property=\"og:image\" content=\"https:\/\/metalteco.com\/wp-content\/uploads\/estructuras-catalogos-metalteco-min.jpg\" \/>\n\t<meta property=\"og:image:width\" content=\"600\" \/>\n\t<meta property=\"og:image:height\" content=\"600\" \/>\n\t<meta property=\"og:image:type\" content=\"image\/jpeg\" \/>\n<meta name=\"twitter:card\" content=\"summary_large_image\" \/>\n<script type=\"application\/ld+json\" class=\"yoast-schema-graph\">{\"@context\":\"https:\\\/\\\/schema.org\",\"@graph\":[{\"@type\":\"WebPage\",\"@id\":\"https:\\\/\\\/metalteco.com\\\/catalogos-estructuras-metalicas\\\/\",\"url\":\"https:\\\/\\\/metalteco.com\\\/catalogos-estructuras-metalicas\\\/\",\"name\":\"CAT\u00c1LOGOS ESTRUCTURAS - Plantas Completas para Alimentos Balanceados, Extracci\u00f3n de Aceite de Palma y Terminales Portuarias de Graneles Secos\",\"isPartOf\":{\"@id\":\"https:\\\/\\\/metalteco.com\\\/#website\"},\"primaryImageOfPage\":{\"@id\":\"https:\\\/\\\/metalteco.com\\\/catalogos-estructuras-metalicas\\\/#primaryimage\"},\"image\":{\"@id\":\"https:\\\/\\\/metalteco.com\\\/catalogos-estructuras-metalicas\\\/#primaryimage\"},\"thumbnailUrl\":\"https:\\\/\\\/metalteco.com\\\/wp-content\\\/uploads\\\/estructuras-catalogos-metalteco-min.jpg\",\"datePublished\":\"2021-10-02T10:18:24+00:00\",\"dateModified\":\"2022-10-03T19:41:35+00:00\",\"breadcrumb\":{\"@id\":\"https:\\\/\\\/metalteco.com\\\/catalogos-estructuras-metalicas\\\/#breadcrumb\"},\"inLanguage\":\"es\",\"potentialAction\":[{\"@type\":\"ReadAction\",\"target\":[\"https:\\\/\\\/metalteco.com\\\/catalogos-estructuras-metalicas\\\/\"]}]},{\"@type\":\"ImageObject\",\"inLanguage\":\"es\",\"@id\":\"https:\\\/\\\/metalteco.com\\\/catalogos-estructuras-metalicas\\\/#primaryimage\",\"url\":\"https:\\\/\\\/metalteco.com\\\/wp-content\\\/uploads\\\/estructuras-catalogos-metalteco-min.jpg\",\"contentUrl\":\"https:\\\/\\\/metalteco.com\\\/wp-content\\\/uploads\\\/estructuras-catalogos-metalteco-min.jpg\",\"width\":600,\"height\":600},{\"@type\":\"BreadcrumbList\",\"@id\":\"https:\\\/\\\/metalteco.com\\\/catalogos-estructuras-metalicas\\\/#breadcrumb\",\"itemListElement\":[{\"@type\":\"ListItem\",\"position\":1,\"name\":\"Portada\",\"item\":\"https:\\\/\\\/metalteco.com\\\/es\\\/\"},{\"@type\":\"ListItem\",\"position\":2,\"name\":\"CAT\u00c1LOGOS ESTRUCTURAS\"}]},{\"@type\":\"WebSite\",\"@id\":\"https:\\\/\\\/metalteco.com\\\/#website\",\"url\":\"https:\\\/\\\/metalteco.com\\\/\",\"name\":\"Plantas Completas para Alimentos Balanceados, Extracci\u00f3n de Aceite de Palma y Terminales Portuarias de Graneles Secos\",\"description\":\"\u00a1Somo su Opci\u00f3n Total para el desarrollo de proyectos llave en mano!\",\"publisher\":{\"@id\":\"https:\\\/\\\/metalteco.com\\\/#organization\"},\"potentialAction\":[{\"@type\":\"SearchAction\",\"target\":{\"@type\":\"EntryPoint\",\"urlTemplate\":\"https:\\\/\\\/metalteco.com\\\/?s={search_term_string}\"},\"query-input\":{\"@type\":\"PropertyValueSpecification\",\"valueRequired\":true,\"valueName\":\"search_term_string\"}}],\"inLanguage\":\"es\"},{\"@type\":\"Organization\",\"@id\":\"https:\\\/\\\/metalteco.com\\\/#organization\",\"name\":\"Metalteco\",\"url\":\"https:\\\/\\\/metalteco.com\\\/\",\"logo\":{\"@type\":\"ImageObject\",\"inLanguage\":\"es\",\"@id\":\"https:\\\/\\\/metalteco.com\\\/#\\\/schema\\\/logo\\\/image\\\/\",\"url\":\"https:\\\/\\\/metalteco.com\\\/wp-content\\\/uploads\\\/2026\\\/03\\\/metalteco-logo-2026-color.png\",\"contentUrl\":\"https:\\\/\\\/metalteco.com\\\/wp-content\\\/uploads\\\/2026\\\/03\\\/metalteco-logo-2026-color.png\",\"width\":1920,\"height\":862,\"caption\":\"Metalteco\"},\"image\":{\"@id\":\"https:\\\/\\\/metalteco.com\\\/#\\\/schema\\\/logo\\\/image\\\/\"},\"sameAs\":[\"http:\\\/\\\/facebook.com\\\/metalteco\"]}]}<\/script>\n<!-- \/ Yoast SEO plugin. -->","yoast_head_json":{"title":"CAT\u00c1LOGOS ESTRUCTURAS - Plantas Completas para Alimentos Balanceados, Extracci\u00f3n de Aceite de Palma y Terminales Portuarias de Graneles Secos","robots":{"index":"index","follow":"follow","max-snippet":"max-snippet:-1","max-image-preview":"max-image-preview:large","max-video-preview":"max-video-preview:-1"},"canonical":"https:\/\/metalteco.com\/es\/catalogos-estructuras-metalicas\/","og_locale":"es_ES","og_type":"article","og_title":"CAT\u00c1LOGOS ESTRUCTURAS - Plantas Completas para Alimentos Balanceados, Extracci\u00f3n de Aceite de Palma y Terminales Portuarias de Graneles Secos","og_description":"CAT\u00c1LOGOS ESTRUCTURAS MET\u00c1LICAS. Descarga los cat\u00e1logos que Metalteco ha puesto a tu disposici\u00f3n. Si necesitas m\u00e1s informaci\u00f3n, cont\u00e1ctanos. CAT\u00c1LOGO DE ESTRUCTURAS MET\u00c1LICAS CAT\u00c1LOGO ESTRUCTURAS, TORRES Y PASARELAS","og_url":"https:\/\/metalteco.com\/es\/catalogos-estructuras-metalicas\/","og_site_name":"Plantas Completas para Alimentos Balanceados, Extracci\u00f3n de Aceite de Palma y Terminales Portuarias de Graneles Secos","article_publisher":"http:\/\/facebook.com\/metalteco","article_modified_time":"2022-10-03T19:41:35+00:00","og_image":[{"width":600,"height":600,"url":"https:\/\/metalteco.com\/wp-content\/uploads\/estructuras-catalogos-metalteco-min.jpg","type":"image\/jpeg"}],"twitter_card":"summary_large_image","schema":{"@context":"https:\/\/schema.org","@graph":[{"@type":"WebPage","@id":"https:\/\/metalteco.com\/catalogos-estructuras-metalicas\/","url":"https:\/\/metalteco.com\/catalogos-estructuras-metalicas\/","name":"CAT\u00c1LOGOS ESTRUCTURAS - Plantas Completas para Alimentos Balanceados, Extracci\u00f3n de Aceite de Palma y Terminales Portuarias de Graneles Secos","isPartOf":{"@id":"https:\/\/metalteco.com\/#website"},"primaryImageOfPage":{"@id":"https:\/\/metalteco.com\/catalogos-estructuras-metalicas\/#primaryimage"},"image":{"@id":"https:\/\/metalteco.com\/catalogos-estructuras-metalicas\/#primaryimage"},"thumbnailUrl":"https:\/\/metalteco.com\/wp-content\/uploads\/estructuras-catalogos-metalteco-min.jpg","datePublished":"2021-10-02T10:18:24+00:00","dateModified":"2022-10-03T19:41:35+00:00","breadcrumb":{"@id":"https:\/\/metalteco.com\/catalogos-estructuras-metalicas\/#breadcrumb"},"inLanguage":"es","potentialAction":[{"@type":"ReadAction","target":["https:\/\/metalteco.com\/catalogos-estructuras-metalicas\/"]}]},{"@type":"ImageObject","inLanguage":"es","@id":"https:\/\/metalteco.com\/catalogos-estructuras-metalicas\/#primaryimage","url":"https:\/\/metalteco.com\/wp-content\/uploads\/estructuras-catalogos-metalteco-min.jpg","contentUrl":"https:\/\/metalteco.com\/wp-content\/uploads\/estructuras-catalogos-metalteco-min.jpg","width":600,"height":600},{"@type":"BreadcrumbList","@id":"https:\/\/metalteco.com\/catalogos-estructuras-metalicas\/#breadcrumb","itemListElement":[{"@type":"ListItem","position":1,"name":"Portada","item":"https:\/\/metalteco.com\/es\/"},{"@type":"ListItem","position":2,"name":"CAT\u00c1LOGOS ESTRUCTURAS"}]},{"@type":"WebSite","@id":"https:\/\/metalteco.com\/#website","url":"https:\/\/metalteco.com\/","name":"Plantas Completas para Alimentos Balanceados, Extracci\u00f3n de Aceite de Palma y Terminales Portuarias de Graneles Secos","description":"\u00a1Somo su Opci\u00f3n Total para el desarrollo de proyectos llave en mano!","publisher":{"@id":"https:\/\/metalteco.com\/#organization"},"potentialAction":[{"@type":"SearchAction","target":{"@type":"EntryPoint","urlTemplate":"https:\/\/metalteco.com\/?s={search_term_string}"},"query-input":{"@type":"PropertyValueSpecification","valueRequired":true,"valueName":"search_term_string"}}],"inLanguage":"es"},{"@type":"Organization","@id":"https:\/\/metalteco.com\/#organization","name":"Metalteco","url":"https:\/\/metalteco.com\/","logo":{"@type":"ImageObject","inLanguage":"es","@id":"https:\/\/metalteco.com\/#\/schema\/logo\/image\/","url":"https:\/\/metalteco.com\/wp-content\/uploads\/2026\/03\/metalteco-logo-2026-color.png","contentUrl":"https:\/\/metalteco.com\/wp-content\/uploads\/2026\/03\/metalteco-logo-2026-color.png","width":1920,"height":862,"caption":"Metalteco"},"image":{"@id":"https:\/\/metalteco.com\/#\/schema\/logo\/image\/"},"sameAs":["http:\/\/facebook.com\/metalteco"]}]}},"_links":{"self":[{"href":"https:\/\/metalteco.com\/es\/wp-json\/wp\/v2\/pages\/51","targetHints":{"allow":["GET"]}}],"collection":[{"href":"https:\/\/metalteco.com\/es\/wp-json\/wp\/v2\/pages"}],"about":[{"href":"https:\/\/metalteco.com\/es\/wp-json\/wp\/v2\/types\/page"}],"author":[{"embeddable":true,"href":"https:\/\/metalteco.com\/es\/wp-json\/wp\/v2\/users\/3"}],"replies":[{"embeddable":true,"href":"https:\/\/metalteco.com\/es\/wp-json\/wp\/v2\/comments?post=51"}],"version-history":[{"count":8,"href":"https:\/\/metalteco.com\/es\/wp-json\/wp\/v2\/pages\/51\/revisions"}],"predecessor-version":[{"id":7570,"href":"https:\/\/metalteco.com\/es\/wp-json\/wp\/v2\/pages\/51\/revisions\/7570"}],"wp:featuredmedia":[{"embeddable":true,"href":"https:\/\/metalteco.com\/es\/wp-json\/wp\/v2\/media\/37"}],"wp:attachment":[{"href":"https:\/\/metalteco.com\/es\/wp-json\/wp\/v2\/media?parent=51"}],"curies":[{"name":"wp","href":"https:\/\/api.w.org\/{rel}","templated":true}]}}