{"id":203,"date":"2021-10-02T08:59:37","date_gmt":"2021-10-02T08:59:37","guid":{"rendered":"https:\/\/metalteco.com\/?page_id=9943"},"modified":"2022-10-03T19:31:38","modified_gmt":"2022-10-03T19:31:38","slug":"catalogo-libros-de-proyectos","status":"publish","type":"page","link":"https:\/\/metalteco.com\/es\/catalogo-libros-de-proyectos\/","title":{"rendered":"LIBROS Y CAT\u00c1LOGOS DE PROYECTOS"},"content":{"rendered":"\t\t<div data-elementor-type=\"wp-page\" data-elementor-id=\"203\" class=\"elementor elementor-203\" data-elementor-post-type=\"page\">\n\t\t\t\t\t\t<section class=\"elementor-section elementor-top-section elementor-element elementor-element-6996e591 elementor-section-stretched elementor-section-full_width elementor-section-height-default elementor-section-height-default\" data-id=\"6996e591\" data-element_type=\"section\" data-e-type=\"section\" data-settings=\"{&quot;stretch_section&quot;:&quot;section-stretched&quot;}\">\n\t\t\t\t\t\t<div class=\"elementor-container elementor-column-gap-no\">\n\t\t\t\t\t<div class=\"elementor-column elementor-col-100 elementor-top-column elementor-element elementor-element-1296b2a4\" data-id=\"1296b2a4\" data-element_type=\"column\" data-e-type=\"column\">\n\t\t\t<div class=\"elementor-widget-wrap elementor-element-populated\">\n\t\t\t\t\t\t\t<\/div>\n\t\t<\/div>\n\t\t\t\t\t<\/div>\n\t\t<\/section>\n\t\t\t\t<div class=\"elementor-section elementor-top-section elementor-element elementor-element-d2aff1d elementor-section-full_width elementor-section-stretched elementor-section-height-default elementor-section-height-default\" data-id=\"d2aff1d\" data-element_type=\"section\" data-e-type=\"section\" data-settings=\"{&quot;stretch_section&quot;:&quot;section-stretched&quot;}\">\n\t\t\t\t\t\t<div class=\"elementor-container elementor-column-gap-no\">\n\t\t\t\t\t<div class=\"elementor-column elementor-col-100 elementor-top-column elementor-element elementor-element-00e2e65\" data-id=\"00e2e65\" data-element_type=\"column\" data-e-type=\"column\">\n\t\t\t<div class=\"elementor-widget-wrap elementor-element-populated\">\n\t\t\t\t\t\t<div class=\"elementor-element elementor-element-ddd8181 elementor-widget elementor-widget-template\" data-id=\"ddd8181\" data-element_type=\"widget\" data-e-type=\"widget\" data-widget_type=\"template.default\">\n\t\t\t\t<div class=\"elementor-widget-container\">\n\t\t\t\t\t\t\t<div class=\"elementor-template\">\n\t\t\t\t\t<div data-elementor-type=\"section\" data-elementor-id=\"4292\" class=\"elementor elementor-4292\" data-elementor-post-type=\"elementor_library\">\n\t\t\t\t\t<header class=\"elementor-section elementor-top-section elementor-element elementor-element-a9d4ebf elementor-section-full_width elementor-section-height-min-height elementor-section-items-bottom elementor-section-height-default\" data-id=\"a9d4ebf\" data-element_type=\"section\" data-e-type=\"section\" data-settings=\"{&quot;background_background&quot;:&quot;classic&quot;}\">\n\t\t\t\t\t\t<div class=\"elementor-container elementor-column-gap-no\">\n\t\t\t\t\t<div class=\"elementor-column elementor-col-100 elementor-top-column elementor-element elementor-element-1e1dbf3\" data-id=\"1e1dbf3\" data-element_type=\"column\" data-e-type=\"column\">\n\t\t\t<div class=\"elementor-widget-wrap elementor-element-populated\">\n\t\t\t\t\t\t<section class=\"elementor-section elementor-inner-section elementor-element elementor-element-2c6c2d3 elementor-section-boxed elementor-section-height-default elementor-section-height-default\" data-id=\"2c6c2d3\" data-element_type=\"section\" data-e-type=\"section\">\n\t\t\t\t\t\t<div class=\"elementor-container elementor-column-gap-default\">\n\t\t\t\t\t<div class=\"elementor-column elementor-col-100 elementor-inner-column elementor-element elementor-element-f0fc2f8\" data-id=\"f0fc2f8\" data-element_type=\"column\" data-e-type=\"column\">\n\t\t\t<div class=\"elementor-widget-wrap elementor-element-populated\">\n\t\t\t\t\t\t<div class=\"elementor-element elementor-element-dd64de0 elementor-widget elementor-widget-heading\" data-id=\"dd64de0\" data-element_type=\"widget\" data-e-type=\"widget\" data-widget_type=\"heading.default\">\n\t\t\t\t<div class=\"elementor-widget-container\">\n\t\t\t\t\t<h2 class=\"elementor-heading-title elementor-size-default\">Metalteco<\/h2>\t\t\t\t<\/div>\n\t\t\t\t<\/div>\n\t\t\t\t<div class=\"elementor-element elementor-element-f267f5b elementor-widget elementor-widget-heading\" data-id=\"f267f5b\" data-element_type=\"widget\" data-e-type=\"widget\" data-widget_type=\"heading.default\">\n\t\t\t\t<div class=\"elementor-widget-container\">\n\t\t\t\t\t<h2 class=\"elementor-heading-title elementor-size-default\">Cat\u00e1logos.<\/h2>\t\t\t\t<\/div>\n\t\t\t\t<\/div>\n\t\t\t\t\t<\/div>\n\t\t<\/div>\n\t\t\t\t\t<\/div>\n\t\t<\/section>\n\t\t\t\t\t<\/div>\n\t\t<\/div>\n\t\t\t\t\t<\/div>\n\t\t<\/header>\n\t\t\t\t<\/div>\n\t\t\t\t<\/div>\n\t\t\t\t\t\t<\/div>\n\t\t\t\t<\/div>\n\t\t\t\t\t<\/div>\n\t\t<\/div>\n\t\t\t\t\t<\/div>\n\t\t<\/div>\n\t\t\t\t<section class=\"elementor-section elementor-top-section elementor-element elementor-element-235f872e elementor-section-boxed elementor-section-height-default elementor-section-height-default\" data-id=\"235f872e\" data-element_type=\"section\" data-e-type=\"section\">\n\t\t\t\t\t\t<div class=\"elementor-container elementor-column-gap-no\">\n\t\t\t\t\t<div class=\"elementor-column elementor-col-100 elementor-top-column elementor-element elementor-element-11f2ee8a\" data-id=\"11f2ee8a\" data-element_type=\"column\" data-e-type=\"column\">\n\t\t\t<div class=\"elementor-widget-wrap elementor-element-populated\">\n\t\t\t\t\t\t<div class=\"elementor-element elementor-element-9ca51bc elementor-widget elementor-widget-heading\" data-id=\"9ca51bc\" data-element_type=\"widget\" data-e-type=\"widget\" data-widget_type=\"heading.default\">\n\t\t\t\t<div class=\"elementor-widget-container\">\n\t\t\t\t\t<h1 class=\"elementor-heading-title elementor-size-default\">CAT\u00c1LOGOS LIBROS DE PROYECTOS<span style=\"color: #ed1c24\">.<\/span><\/h1>\t\t\t\t<\/div>\n\t\t\t\t<\/div>\n\t\t\t\t<div class=\"elementor-element elementor-element-1a6ee82a elementor-widget elementor-widget-text-editor\" data-id=\"1a6ee82a\" data-element_type=\"widget\" data-e-type=\"widget\" data-widget_type=\"text-editor.default\">\n\t\t\t\t<div class=\"elementor-widget-container\">\n\t\t\t\t\t\t\t\t\t<p style=\"text-align: center;\">Descarga los cat\u00e1logos que <strong>Metalteco<\/strong> ha puesto a tu disposici\u00f3n. Si necesitas <strong>m\u00e1s informaci\u00f3n, cont\u00e1ctanos<\/strong>.<\/p>\t\t\t\t\t\t\t\t<\/div>\n\t\t\t\t<\/div>\n\t\t\t\t\t<\/div>\n\t\t<\/div>\n\t\t\t\t\t<\/div>\n\t\t<\/section>\n\t\t\t\t<section class=\"elementor-section elementor-top-section elementor-element elementor-element-3da30f62 elementor-section-boxed elementor-section-height-default elementor-section-height-default\" data-id=\"3da30f62\" data-element_type=\"section\" data-e-type=\"section\">\n\t\t\t\t\t\t<div class=\"elementor-container elementor-column-gap-no\">\n\t\t\t\t\t<div class=\"elementor-column elementor-col-100 elementor-top-column elementor-element elementor-element-3f5d3d33\" data-id=\"3f5d3d33\" data-element_type=\"column\" data-e-type=\"column\">\n\t\t\t<div class=\"elementor-widget-wrap elementor-element-populated\">\n\t\t\t\t\t\t<div class=\"elementor-element elementor-element-659b88ab elementor-grid-eael-col-5 elementor-grid-tablet-eael-col-2 elementor-grid-mobile-eael-col-1 elementor-widget elementor-widget-eael-post-grid\" data-id=\"659b88ab\" data-element_type=\"widget\" data-e-type=\"widget\" data-settings=\"{&quot;eael_post_grid_columns&quot;:&quot;eael-col-5&quot;,&quot;eael_post_grid_columns_tablet&quot;:&quot;eael-col-2&quot;,&quot;eael_post_grid_columns_mobile&quot;:&quot;eael-col-1&quot;}\" data-widget_type=\"eael-post-grid.default\">\n\t\t\t\t<div class=\"elementor-widget-container\">\n\t\t\t\t\t<div id=\"eael-post-grid-659b88ab\" class=\"eael-post-grid-container\">\n            <div class=\"eael-post-grid eael-post-appender eael-post-appender-659b88ab eael-post-grid-style-one\" data-layout-mode=\"masonry\"><article class=\"eael-grid-post  eael-post-grid-column eael-pg-post-992 category-balanceados-concentrados-libros-de-proyectos\" data-id=\"992\">\n        <div class=\"eael-grid-post-holder\">\n            <div class=\"eael-grid-post-holder-inner\"><div class=\"eael-entry-media\"><div class=\"eael-entry-overlay fade-in\"><img decoding=\"async\" src=\"https:\/\/metalteco.com\/wp-content\/uploads\/2022\/08\/icono-metalteco.svg\" alt=\"Icono Metalteco\" \/><a href=\"https:\/\/metalteco.com\/es\/catalogo-avicol\/\"><\/a><\/div><div class=\"eael-entry-thumbnail \">\n                <img fetchpriority=\"high\" decoding=\"async\" width=\"480\" height=\"480\" src=\"https:\/\/metalteco.com\/wp-content\/uploads\/2020\/01\/miniatura-catalogo-avicol-metalteco.jpg\" class=\"attachment-full size-full wp-image-993\" alt=\"Miniatura catalogos metalteco avicol\" srcset=\"https:\/\/metalteco.com\/wp-content\/uploads\/2020\/01\/miniatura-catalogo-avicol-metalteco.jpg 480w, https:\/\/metalteco.com\/wp-content\/uploads\/2020\/01\/miniatura-catalogo-avicol-metalteco-300x300.jpg 300w, https:\/\/metalteco.com\/wp-content\/uploads\/2020\/01\/miniatura-catalogo-avicol-metalteco-150x150.jpg 150w\" sizes=\"(max-width: 480px) 100vw, 480px\" \/>\n            <\/div>\n        <\/div><div class=\"eael-entry-wrapper\"><header class=\"eael-entry-header\"><h2 class=\"eael-entry-title\"><a class=\"eael-grid-post-link\" href=\"https:\/\/metalteco.com\/es\/catalogo-avicol\/\" title=\"CAT\u00c1LOGO DE CONCENTRADOS AVICOL\">CAT\u00c1LOGO DE CONCENTRADOS AVICOL<\/a><\/h2><\/header><\/div><\/div>\n        <\/div>\n    <\/article><article class=\"eael-grid-post  eael-post-grid-column eael-pg-post-946 category-catalogos-palma-libros-de-proyectos\" data-id=\"946\">\n        <div class=\"eael-grid-post-holder\">\n            <div class=\"eael-grid-post-holder-inner\"><div class=\"eael-entry-media\"><div class=\"eael-entry-overlay fade-in\"><img decoding=\"async\" src=\"https:\/\/metalteco.com\/wp-content\/uploads\/2022\/08\/icono-metalteco.svg\" alt=\"Icono Metalteco\" \/><a href=\"https:\/\/metalteco.com\/es\/catalogo-hondupalma-planta-extractora\/\"><\/a><\/div><div class=\"eael-entry-thumbnail \">\n                <img decoding=\"async\" width=\"480\" height=\"480\" src=\"https:\/\/metalteco.com\/wp-content\/uploads\/hondupalma-proyecto-libro-metalteco-min.jpg\" class=\"attachment-full size-full wp-image-44\" alt=\"\" srcset=\"https:\/\/metalteco.com\/wp-content\/uploads\/hondupalma-proyecto-libro-metalteco-min.jpg 480w, https:\/\/metalteco.com\/wp-content\/uploads\/hondupalma-proyecto-libro-metalteco-min-300x300.jpg 300w, https:\/\/metalteco.com\/wp-content\/uploads\/hondupalma-proyecto-libro-metalteco-min-150x150.jpg 150w\" sizes=\"(max-width: 480px) 100vw, 480px\" \/>\n            <\/div>\n        <\/div><div class=\"eael-entry-wrapper\"><header class=\"eael-entry-header\"><h2 class=\"eael-entry-title\"><a class=\"eael-grid-post-link\" href=\"https:\/\/metalteco.com\/es\/catalogo-hondupalma-planta-extractora\/\" title=\"CAT\u00c1LOGO HONDUPALMA &#8211; PLANTA EXTRACTORA\">CAT\u00c1LOGO HONDUPALMA &#8211; PLANTA EXTRACTORA<\/a><\/h2><\/header><\/div><\/div>\n        <\/div>\n    <\/article><article class=\"eael-grid-post  eael-post-grid-column eael-pg-post-611 category-libros-de-proyectos\" data-id=\"611\">\n        <div class=\"eael-grid-post-holder\">\n            <div class=\"eael-grid-post-holder-inner\"><div class=\"eael-entry-media\"><div class=\"eael-entry-overlay fade-in\"><img decoding=\"async\" src=\"https:\/\/metalteco.com\/wp-content\/uploads\/2022\/08\/icono-metalteco.svg\" alt=\"Icono Metalteco\" \/><a href=\"https:\/\/metalteco.com\/es\/catalogo-italcol-palmira-planta-de-mascotas\/\"><\/a><\/div><div class=\"eael-entry-thumbnail \">\n                <img decoding=\"async\" width=\"480\" height=\"480\" src=\"https:\/\/metalteco.com\/wp-content\/uploads\/italcol-palmira-catalogo-metalteco-min.jpg\" class=\"attachment-full size-full wp-image-205\" alt=\"\" srcset=\"https:\/\/metalteco.com\/wp-content\/uploads\/italcol-palmira-catalogo-metalteco-min.jpg 480w, https:\/\/metalteco.com\/wp-content\/uploads\/italcol-palmira-catalogo-metalteco-min-300x300.jpg 300w, https:\/\/metalteco.com\/wp-content\/uploads\/italcol-palmira-catalogo-metalteco-min-150x150.jpg 150w\" sizes=\"(max-width: 480px) 100vw, 480px\" \/>\n            <\/div>\n        <\/div><div class=\"eael-entry-wrapper\"><header class=\"eael-entry-header\"><h2 class=\"eael-entry-title\"><a class=\"eael-grid-post-link\" href=\"https:\/\/metalteco.com\/es\/catalogo-italcol-palmira-planta-de-mascotas\/\" title=\"CAT\u00c1LOGO ITALCOL PALMIRA &#8211; MASCOTAS\">CAT\u00c1LOGO ITALCOL PALMIRA &#8211; MASCOTAS<\/a><\/h2><\/header><\/div><\/div>\n        <\/div>\n    <\/article><\/div>\n            <div class=\"clearfix\"><\/div>\n        <\/div>\t\t\t\t<\/div>\n\t\t\t\t<\/div>\n\t\t\t\t\t<\/div>\n\t\t<\/div>\n\t\t\t\t\t<\/div>\n\t\t<\/section>\n\t\t\t\t<\/div>\n\t\t","protected":false},"excerpt":{"rendered":"<p>CAT\u00c1LOGOS LIBROS DE PROYECTOS. Descarga los cat\u00e1logos que Metalteco ha puesto a tu disposici\u00f3n. Si necesitas m\u00e1s informaci\u00f3n, cont\u00e1ctanos. CAT\u00c1LOGO DE CONCENTRADOS AVICOL CAT\u00c1LOGO HONDUPALMA \u2013 PLANTA EXTRACTORA CAT\u00c1LOGO ITALCOL PALMIRA \u2013 MASCOTAS<\/p>\n","protected":false},"author":3,"featured_media":34,"parent":0,"menu_order":0,"comment_status":"closed","ping_status":"closed","template":"elementor_header_footer","meta":{"site-sidebar-layout":"no-sidebar","site-content-layout":"page-builder","ast-site-content-layout":"default","site-content-style":"default","site-sidebar-style":"default","ast-global-header-display":"","ast-banner-title-visibility":"","ast-main-header-display":"","ast-hfb-above-header-display":"","ast-hfb-below-header-display":"","ast-hfb-mobile-header-display":"","site-post-title":"disabled","ast-breadcrumbs-content":"","ast-featured-img":"disabled","footer-sml-layout":"","ast-disable-related-posts":"","theme-transparent-header-meta":"default","adv-header-id-meta":"","stick-header-meta":"","header-above-stick-meta":"","header-main-stick-meta":"","header-below-stick-meta":"","astra-migrate-meta-layouts":"default","ast-page-background-enabled":"default","ast-page-background-meta":{"desktop":{"background-color":"var(--ast-global-color-4)","background-image":"","background-repeat":"repeat","background-position":"center center","background-size":"auto","background-attachment":"scroll","background-type":"","background-media":"","overlay-type":"","overlay-color":"","overlay-opacity":"","overlay-gradient":""},"tablet":{"background-color":"","background-image":"","background-repeat":"repeat","background-position":"center center","background-size":"auto","background-attachment":"scroll","background-type":"","background-media":"","overlay-type":"","overlay-color":"","overlay-opacity":"","overlay-gradient":""},"mobile":{"background-color":"","background-image":"","background-repeat":"repeat","background-position":"center center","background-size":"auto","background-attachment":"scroll","background-type":"","background-media":"","overlay-type":"","overlay-color":"","overlay-opacity":"","overlay-gradient":""}},"ast-content-background-meta":{"desktop":{"background-color":"var(--ast-global-color-5)","background-image":"","background-repeat":"repeat","background-position":"center center","background-size":"auto","background-attachment":"scroll","background-type":"","background-media":"","overlay-type":"","overlay-color":"","overlay-opacity":"","overlay-gradient":""},"tablet":{"background-color":"var(--ast-global-color-5)","background-image":"","background-repeat":"repeat","background-position":"center center","background-size":"auto","background-attachment":"scroll","background-type":"","background-media":"","overlay-type":"","overlay-color":"","overlay-opacity":"","overlay-gradient":""},"mobile":{"background-color":"var(--ast-global-color-5)","background-image":"","background-repeat":"repeat","background-position":"center center","background-size":"auto","background-attachment":"scroll","background-type":"","background-media":"","overlay-type":"","overlay-color":"","overlay-opacity":"","overlay-gradient":""}},"footnotes":""},"class_list":["post-203","page","type-page","status-publish","has-post-thumbnail","hentry"],"yoast_head":"<!-- This site is optimized with the Yoast SEO plugin v27.3 - https:\/\/yoast.com\/product\/yoast-seo-wordpress\/ -->\n<title>LIBROS Y CAT\u00c1LOGOS DE PROYECTOS - Plantas Completas para Alimentos Balanceados, Extracci\u00f3n de Aceite de Palma y Terminales Portuarias de Graneles Secos<\/title>\n<meta name=\"robots\" content=\"index, follow, max-snippet:-1, max-image-preview:large, max-video-preview:-1\" \/>\n<link rel=\"canonical\" href=\"https:\/\/metalteco.com\/es\/catalogo-libros-de-proyectos\/\" \/>\n<meta property=\"og:locale\" content=\"es_ES\" \/>\n<meta property=\"og:type\" content=\"article\" \/>\n<meta property=\"og:title\" content=\"LIBROS Y CAT\u00c1LOGOS DE PROYECTOS - Plantas Completas para Alimentos Balanceados, Extracci\u00f3n de Aceite de Palma y Terminales Portuarias de Graneles Secos\" \/>\n<meta property=\"og:description\" content=\"CAT\u00c1LOGOS LIBROS DE PROYECTOS. Descarga los cat\u00e1logos que Metalteco ha puesto a tu disposici\u00f3n. Si necesitas m\u00e1s informaci\u00f3n, cont\u00e1ctanos. CAT\u00c1LOGO DE CONCENTRADOS AVICOL CAT\u00c1LOGO HONDUPALMA \u2013 PLANTA EXTRACTORA CAT\u00c1LOGO ITALCOL PALMIRA \u2013 MASCOTAS\" \/>\n<meta property=\"og:url\" content=\"https:\/\/metalteco.com\/es\/catalogo-libros-de-proyectos\/\" \/>\n<meta property=\"og:site_name\" content=\"Plantas Completas para Alimentos Balanceados, Extracci\u00f3n de Aceite de Palma y Terminales Portuarias de Graneles Secos\" \/>\n<meta property=\"article:publisher\" content=\"http:\/\/facebook.com\/metalteco\" \/>\n<meta property=\"article:modified_time\" content=\"2022-10-03T19:31:38+00:00\" \/>\n<meta property=\"og:image\" content=\"https:\/\/metalteco.com\/wp-content\/uploads\/proyectos-catalogos-metalteco-min.jpg\" \/>\n\t<meta property=\"og:image:width\" content=\"600\" \/>\n\t<meta property=\"og:image:height\" content=\"600\" \/>\n\t<meta property=\"og:image:type\" content=\"image\/jpeg\" \/>\n<meta name=\"twitter:card\" content=\"summary_large_image\" \/>\n<script type=\"application\/ld+json\" class=\"yoast-schema-graph\">{\"@context\":\"https:\\\/\\\/schema.org\",\"@graph\":[{\"@type\":\"WebPage\",\"@id\":\"https:\\\/\\\/metalteco.com\\\/catalogo-libros-de-proyectos\\\/\",\"url\":\"https:\\\/\\\/metalteco.com\\\/catalogo-libros-de-proyectos\\\/\",\"name\":\"LIBROS Y CAT\u00c1LOGOS DE PROYECTOS - Plantas Completas para Alimentos Balanceados, Extracci\u00f3n de Aceite de Palma y Terminales Portuarias de Graneles Secos\",\"isPartOf\":{\"@id\":\"https:\\\/\\\/metalteco.com\\\/#website\"},\"primaryImageOfPage\":{\"@id\":\"https:\\\/\\\/metalteco.com\\\/catalogo-libros-de-proyectos\\\/#primaryimage\"},\"image\":{\"@id\":\"https:\\\/\\\/metalteco.com\\\/catalogo-libros-de-proyectos\\\/#primaryimage\"},\"thumbnailUrl\":\"https:\\\/\\\/metalteco.com\\\/wp-content\\\/uploads\\\/proyectos-catalogos-metalteco-min.jpg\",\"datePublished\":\"2021-10-02T08:59:37+00:00\",\"dateModified\":\"2022-10-03T19:31:38+00:00\",\"breadcrumb\":{\"@id\":\"https:\\\/\\\/metalteco.com\\\/catalogo-libros-de-proyectos\\\/#breadcrumb\"},\"inLanguage\":\"es\",\"potentialAction\":[{\"@type\":\"ReadAction\",\"target\":[\"https:\\\/\\\/metalteco.com\\\/catalogo-libros-de-proyectos\\\/\"]}]},{\"@type\":\"ImageObject\",\"inLanguage\":\"es\",\"@id\":\"https:\\\/\\\/metalteco.com\\\/catalogo-libros-de-proyectos\\\/#primaryimage\",\"url\":\"https:\\\/\\\/metalteco.com\\\/wp-content\\\/uploads\\\/proyectos-catalogos-metalteco-min.jpg\",\"contentUrl\":\"https:\\\/\\\/metalteco.com\\\/wp-content\\\/uploads\\\/proyectos-catalogos-metalteco-min.jpg\",\"width\":600,\"height\":600},{\"@type\":\"BreadcrumbList\",\"@id\":\"https:\\\/\\\/metalteco.com\\\/catalogo-libros-de-proyectos\\\/#breadcrumb\",\"itemListElement\":[{\"@type\":\"ListItem\",\"position\":1,\"name\":\"Portada\",\"item\":\"https:\\\/\\\/metalteco.com\\\/es\\\/\"},{\"@type\":\"ListItem\",\"position\":2,\"name\":\"LIBROS Y CAT\u00c1LOGOS DE PROYECTOS\"}]},{\"@type\":\"WebSite\",\"@id\":\"https:\\\/\\\/metalteco.com\\\/#website\",\"url\":\"https:\\\/\\\/metalteco.com\\\/\",\"name\":\"Plantas Completas para Alimentos Balanceados, Extracci\u00f3n de Aceite de Palma y Terminales Portuarias de Graneles Secos\",\"description\":\"\u00a1Somo su Opci\u00f3n Total para el desarrollo de proyectos llave en mano!\",\"publisher\":{\"@id\":\"https:\\\/\\\/metalteco.com\\\/#organization\"},\"potentialAction\":[{\"@type\":\"SearchAction\",\"target\":{\"@type\":\"EntryPoint\",\"urlTemplate\":\"https:\\\/\\\/metalteco.com\\\/?s={search_term_string}\"},\"query-input\":{\"@type\":\"PropertyValueSpecification\",\"valueRequired\":true,\"valueName\":\"search_term_string\"}}],\"inLanguage\":\"es\"},{\"@type\":\"Organization\",\"@id\":\"https:\\\/\\\/metalteco.com\\\/#organization\",\"name\":\"Metalteco\",\"url\":\"https:\\\/\\\/metalteco.com\\\/\",\"logo\":{\"@type\":\"ImageObject\",\"inLanguage\":\"es\",\"@id\":\"https:\\\/\\\/metalteco.com\\\/#\\\/schema\\\/logo\\\/image\\\/\",\"url\":\"https:\\\/\\\/metalteco.com\\\/wp-content\\\/uploads\\\/2026\\\/03\\\/metalteco-logo-2026-color.png\",\"contentUrl\":\"https:\\\/\\\/metalteco.com\\\/wp-content\\\/uploads\\\/2026\\\/03\\\/metalteco-logo-2026-color.png\",\"width\":1920,\"height\":862,\"caption\":\"Metalteco\"},\"image\":{\"@id\":\"https:\\\/\\\/metalteco.com\\\/#\\\/schema\\\/logo\\\/image\\\/\"},\"sameAs\":[\"http:\\\/\\\/facebook.com\\\/metalteco\"]}]}<\/script>\n<!-- \/ Yoast SEO plugin. -->","yoast_head_json":{"title":"LIBROS Y CAT\u00c1LOGOS DE PROYECTOS - Plantas Completas para Alimentos Balanceados, Extracci\u00f3n de Aceite de Palma y Terminales Portuarias de Graneles Secos","robots":{"index":"index","follow":"follow","max-snippet":"max-snippet:-1","max-image-preview":"max-image-preview:large","max-video-preview":"max-video-preview:-1"},"canonical":"https:\/\/metalteco.com\/es\/catalogo-libros-de-proyectos\/","og_locale":"es_ES","og_type":"article","og_title":"LIBROS Y CAT\u00c1LOGOS DE PROYECTOS - Plantas Completas para Alimentos Balanceados, Extracci\u00f3n de Aceite de Palma y Terminales Portuarias de Graneles Secos","og_description":"CAT\u00c1LOGOS LIBROS DE PROYECTOS. Descarga los cat\u00e1logos que Metalteco ha puesto a tu disposici\u00f3n. Si necesitas m\u00e1s informaci\u00f3n, cont\u00e1ctanos. CAT\u00c1LOGO DE CONCENTRADOS AVICOL CAT\u00c1LOGO HONDUPALMA \u2013 PLANTA EXTRACTORA CAT\u00c1LOGO ITALCOL PALMIRA \u2013 MASCOTAS","og_url":"https:\/\/metalteco.com\/es\/catalogo-libros-de-proyectos\/","og_site_name":"Plantas Completas para Alimentos Balanceados, Extracci\u00f3n de Aceite de Palma y Terminales Portuarias de Graneles Secos","article_publisher":"http:\/\/facebook.com\/metalteco","article_modified_time":"2022-10-03T19:31:38+00:00","og_image":[{"width":600,"height":600,"url":"https:\/\/metalteco.com\/wp-content\/uploads\/proyectos-catalogos-metalteco-min.jpg","type":"image\/jpeg"}],"twitter_card":"summary_large_image","schema":{"@context":"https:\/\/schema.org","@graph":[{"@type":"WebPage","@id":"https:\/\/metalteco.com\/catalogo-libros-de-proyectos\/","url":"https:\/\/metalteco.com\/catalogo-libros-de-proyectos\/","name":"LIBROS Y CAT\u00c1LOGOS DE PROYECTOS - Plantas Completas para Alimentos Balanceados, Extracci\u00f3n de Aceite de Palma y Terminales Portuarias de Graneles Secos","isPartOf":{"@id":"https:\/\/metalteco.com\/#website"},"primaryImageOfPage":{"@id":"https:\/\/metalteco.com\/catalogo-libros-de-proyectos\/#primaryimage"},"image":{"@id":"https:\/\/metalteco.com\/catalogo-libros-de-proyectos\/#primaryimage"},"thumbnailUrl":"https:\/\/metalteco.com\/wp-content\/uploads\/proyectos-catalogos-metalteco-min.jpg","datePublished":"2021-10-02T08:59:37+00:00","dateModified":"2022-10-03T19:31:38+00:00","breadcrumb":{"@id":"https:\/\/metalteco.com\/catalogo-libros-de-proyectos\/#breadcrumb"},"inLanguage":"es","potentialAction":[{"@type":"ReadAction","target":["https:\/\/metalteco.com\/catalogo-libros-de-proyectos\/"]}]},{"@type":"ImageObject","inLanguage":"es","@id":"https:\/\/metalteco.com\/catalogo-libros-de-proyectos\/#primaryimage","url":"https:\/\/metalteco.com\/wp-content\/uploads\/proyectos-catalogos-metalteco-min.jpg","contentUrl":"https:\/\/metalteco.com\/wp-content\/uploads\/proyectos-catalogos-metalteco-min.jpg","width":600,"height":600},{"@type":"BreadcrumbList","@id":"https:\/\/metalteco.com\/catalogo-libros-de-proyectos\/#breadcrumb","itemListElement":[{"@type":"ListItem","position":1,"name":"Portada","item":"https:\/\/metalteco.com\/es\/"},{"@type":"ListItem","position":2,"name":"LIBROS Y CAT\u00c1LOGOS DE PROYECTOS"}]},{"@type":"WebSite","@id":"https:\/\/metalteco.com\/#website","url":"https:\/\/metalteco.com\/","name":"Plantas Completas para Alimentos Balanceados, Extracci\u00f3n de Aceite de Palma y Terminales Portuarias de Graneles Secos","description":"\u00a1Somo su Opci\u00f3n Total para el desarrollo de proyectos llave en mano!","publisher":{"@id":"https:\/\/metalteco.com\/#organization"},"potentialAction":[{"@type":"SearchAction","target":{"@type":"EntryPoint","urlTemplate":"https:\/\/metalteco.com\/?s={search_term_string}"},"query-input":{"@type":"PropertyValueSpecification","valueRequired":true,"valueName":"search_term_string"}}],"inLanguage":"es"},{"@type":"Organization","@id":"https:\/\/metalteco.com\/#organization","name":"Metalteco","url":"https:\/\/metalteco.com\/","logo":{"@type":"ImageObject","inLanguage":"es","@id":"https:\/\/metalteco.com\/#\/schema\/logo\/image\/","url":"https:\/\/metalteco.com\/wp-content\/uploads\/2026\/03\/metalteco-logo-2026-color.png","contentUrl":"https:\/\/metalteco.com\/wp-content\/uploads\/2026\/03\/metalteco-logo-2026-color.png","width":1920,"height":862,"caption":"Metalteco"},"image":{"@id":"https:\/\/metalteco.com\/#\/schema\/logo\/image\/"},"sameAs":["http:\/\/facebook.com\/metalteco"]}]}},"_links":{"self":[{"href":"https:\/\/metalteco.com\/es\/wp-json\/wp\/v2\/pages\/203","targetHints":{"allow":["GET"]}}],"collection":[{"href":"https:\/\/metalteco.com\/es\/wp-json\/wp\/v2\/pages"}],"about":[{"href":"https:\/\/metalteco.com\/es\/wp-json\/wp\/v2\/types\/page"}],"author":[{"embeddable":true,"href":"https:\/\/metalteco.com\/es\/wp-json\/wp\/v2\/users\/3"}],"replies":[{"embeddable":true,"href":"https:\/\/metalteco.com\/es\/wp-json\/wp\/v2\/comments?post=203"}],"version-history":[{"count":8,"href":"https:\/\/metalteco.com\/es\/wp-json\/wp\/v2\/pages\/203\/revisions"}],"predecessor-version":[{"id":7554,"href":"https:\/\/metalteco.com\/es\/wp-json\/wp\/v2\/pages\/203\/revisions\/7554"}],"wp:featuredmedia":[{"embeddable":true,"href":"https:\/\/metalteco.com\/es\/wp-json\/wp\/v2\/media\/34"}],"wp:attachment":[{"href":"https:\/\/metalteco.com\/es\/wp-json\/wp\/v2\/media?parent=203"}],"curies":[{"name":"wp","href":"https:\/\/api.w.org\/{rel}","templated":true}]}}