{"id":300,"date":"2022-01-08T08:39:05","date_gmt":"2022-01-08T08:39:05","guid":{"rendered":"https:\/\/metalteco.com\/?page_id=11411"},"modified":"2022-10-03T19:14:11","modified_gmt":"2022-10-03T19:14:11","slug":"ports-videos","status":"publish","type":"page","link":"https:\/\/metalteco.com\/en\/ports-videos\/","title":{"rendered":"PORT VIDEOS"},"content":{"rendered":"<div data-elementor-type=\"wp-page\" data-elementor-id=\"300\" class=\"elementor elementor-300\" data-elementor-post-type=\"page\">\n\t\t\t\t\t\t<div class=\"elementor-section elementor-top-section elementor-element elementor-element-c8bb618 elementor-section-full_width elementor-section-stretched elementor-section-height-default elementor-section-height-default\" data-id=\"c8bb618\" data-element_type=\"section\" data-e-type=\"section\" data-settings=\"{&quot;stretch_section&quot;:&quot;section-stretched&quot;}\">\n\t\t\t\t\t\t<div class=\"elementor-container elementor-column-gap-no\">\n\t\t\t\t\t<div class=\"elementor-column elementor-col-100 elementor-top-column elementor-element elementor-element-373b66b\" data-id=\"373b66b\" data-element_type=\"column\" data-e-type=\"column\">\n\t\t\t<div class=\"elementor-widget-wrap elementor-element-populated\">\n\t\t\t\t\t\t<div class=\"elementor-element elementor-element-5a42fb4 elementor-widget elementor-widget-template\" data-id=\"5a42fb4\" data-element_type=\"widget\" data-e-type=\"widget\" data-widget_type=\"template.default\">\n\t\t\t\t<div class=\"elementor-widget-container\">\n\t\t\t\t\t\t\t<div class=\"elementor-template\">\n\t\t\t\t\t<div data-elementor-type=\"section\" data-elementor-id=\"2499\" class=\"elementor elementor-2499\" data-elementor-post-type=\"elementor_library\">\n\t\t\t\t\t<header class=\"elementor-section elementor-top-section elementor-element elementor-element-0b00798 elementor-section-full_width elementor-section-height-min-height elementor-section-items-bottom elementor-section-height-default\" data-id=\"0b00798\" data-element_type=\"section\" data-e-type=\"section\" data-settings=\"{&quot;background_background&quot;:&quot;classic&quot;}\">\n\t\t\t\t\t\t<div class=\"elementor-container elementor-column-gap-no\">\n\t\t\t\t\t<div class=\"elementor-column elementor-col-100 elementor-top-column elementor-element elementor-element-a20d17e\" data-id=\"a20d17e\" data-element_type=\"column\" data-e-type=\"column\">\n\t\t\t<div class=\"elementor-widget-wrap elementor-element-populated\">\n\t\t\t\t\t\t<section class=\"elementor-section elementor-inner-section elementor-element elementor-element-a1f30c1 elementor-section-boxed elementor-section-height-default elementor-section-height-default\" data-id=\"a1f30c1\" data-element_type=\"section\" data-e-type=\"section\">\n\t\t\t\t\t\t<div class=\"elementor-container elementor-column-gap-default\">\n\t\t\t\t\t<div class=\"elementor-column elementor-col-100 elementor-inner-column elementor-element elementor-element-1c24523\" data-id=\"1c24523\" data-element_type=\"column\" data-e-type=\"column\">\n\t\t\t<div class=\"elementor-widget-wrap elementor-element-populated\">\n\t\t\t\t\t\t<div class=\"elementor-element elementor-element-c73a04f elementor-widget elementor-widget-heading\" data-id=\"c73a04f\" data-element_type=\"widget\" data-e-type=\"widget\" data-widget_type=\"heading.default\">\n\t\t\t\t<div class=\"elementor-widget-container\">\n\t\t\t\t\t<h2 class=\"elementor-heading-title elementor-size-default\">Projects<\/h2>\t\t\t\t<\/div>\n\t\t\t\t<\/div>\n\t\t\t\t<div class=\"elementor-element elementor-element-aa6f6ae elementor-widget elementor-widget-heading\" data-id=\"aa6f6ae\" data-element_type=\"widget\" data-e-type=\"widget\" data-widget_type=\"heading.default\">\n\t\t\t\t<div class=\"elementor-widget-container\">\n\t\t\t\t\t<h2 class=\"elementor-heading-title elementor-size-default\">Videos.<\/h2>\t\t\t\t<\/div>\n\t\t\t\t<\/div>\n\t\t\t\t\t<\/div>\n\t\t<\/div>\n\t\t\t\t\t<\/div>\n\t\t<\/section>\n\t\t\t\t\t<\/div>\n\t\t<\/div>\n\t\t\t\t\t<\/div>\n\t\t<\/header>\n\t\t\t\t<\/div>\n\t\t\t\t<\/div>\n\t\t\t\t\t\t<\/div>\n\t\t\t\t<\/div>\n\t\t\t\t\t<\/div>\n\t\t<\/div>\n\t\t\t\t\t<\/div>\n\t\t<\/div>\n\t\t\t\t<section class=\"elementor-section elementor-top-section elementor-element elementor-element-593995fd elementor-section-boxed elementor-section-height-default elementor-section-height-default\" data-id=\"593995fd\" data-element_type=\"section\" data-e-type=\"section\">\n\t\t\t\t\t\t<div class=\"elementor-container elementor-column-gap-no\">\n\t\t\t\t\t<div class=\"elementor-column elementor-col-100 elementor-top-column elementor-element elementor-element-62849c02\" data-id=\"62849c02\" data-element_type=\"column\" data-e-type=\"column\">\n\t\t\t<div class=\"elementor-widget-wrap elementor-element-populated\">\n\t\t\t\t\t\t<div class=\"elementor-element elementor-element-781aef2b elementor-widget elementor-widget-heading\" data-id=\"781aef2b\" data-element_type=\"widget\" data-e-type=\"widget\" data-widget_type=\"heading.default\">\n\t\t\t\t<div class=\"elementor-widget-container\">\n\t\t\t\t\t<h1 class=\"elementor-heading-title elementor-size-default\">PORT VIDEOS<span style=\"color: #ed1c24\">.<\/span><\/h1>\t\t\t\t<\/div>\n\t\t\t\t<\/div>\n\t\t\t\t<div class=\"elementor-element elementor-element-778e7d5a elementor-widget elementor-widget-text-editor\" data-id=\"778e7d5a\" data-element_type=\"widget\" data-e-type=\"widget\" data-widget_type=\"text-editor.default\">\n\t\t\t\t<div class=\"elementor-widget-container\">\n\t\t\t\t\t\t\t\t\t<p style=\"text-align: center;\"><strong>Subscribe<\/strong> and receive videos that <strong>Metalteco<\/strong> has for all of you.<\/p>\t\t\t\t\t\t\t\t<\/div>\n\t\t\t\t<\/div>\n\t\t\t\t\t<\/div>\n\t\t<\/div>\n\t\t\t\t\t<\/div>\n\t\t<\/section>\n\t\t\t\t<section class=\"elementor-section elementor-top-section elementor-element elementor-element-df00da4 elementor-section-boxed elementor-section-height-default elementor-section-height-default\" data-id=\"df00da4\" data-element_type=\"section\" data-e-type=\"section\">\n\t\t\t\t\t\t<div class=\"elementor-container elementor-column-gap-no\">\n\t\t\t\t\t<div class=\"elementor-column elementor-col-100 elementor-top-column elementor-element elementor-element-2e05c310\" data-id=\"2e05c310\" data-element_type=\"column\" data-e-type=\"column\">\n\t\t\t<div class=\"elementor-widget-wrap elementor-element-populated\">\n\t\t\t\t\t\t<div class=\"elementor-element elementor-element-191b7a08 elementor-grid-eael-col-5 elementor-grid-tablet-eael-col-2 elementor-grid-mobile-eael-col-1 elementor-widget elementor-widget-eael-post-grid\" data-id=\"191b7a08\" data-element_type=\"widget\" data-e-type=\"widget\" data-settings=\"{&quot;eael_post_grid_columns&quot;:&quot;eael-col-5&quot;,&quot;eael_post_grid_columns_tablet&quot;:&quot;eael-col-2&quot;,&quot;eael_post_grid_columns_mobile&quot;:&quot;eael-col-1&quot;}\" data-widget_type=\"eael-post-grid.default\">\n\t\t\t\t<div class=\"elementor-widget-container\">\n\t\t\t\t\t<div id=\"eael-post-grid-191b7a08\" class=\"eael-post-grid-container\">\n            <div class=\"eael-post-grid eael-post-appender eael-post-appender-191b7a08 eael-post-grid-style-one\" data-layout-mode=\"masonry\"><article class=\"eael-grid-post  eael-post-grid-column eael-pg-post-725 category-videos-puertos\" data-id=\"725\">\n        <div class=\"eael-grid-post-holder\">\n            <div class=\"eael-grid-post-holder-inner\"><div class=\"eael-entry-media\"><div class=\"eael-entry-overlay fade-in\"><img decoding=\"async\" src=\"https:\/\/metalteco.com\/wp-content\/uploads\/2022\/08\/icono-metalteco.svg\" alt=\"Metalteco Icon\" \/><a href=\"https:\/\/metalteco.com\/en\/assembly-of-storage-silos\/\"><\/a><\/div><div class=\"eael-entry-thumbnail\">\n                <img fetchpriority=\"high\" decoding=\"async\" width=\"480\" height=\"480\" src=\"https:\/\/metalteco.com\/wp-content\/uploads\/silos-almacenamiento-montaje-metalteco-video.jpg\" class=\"attachment-full size-full wp-image-291\" alt=\"\" srcset=\"https:\/\/metalteco.com\/wp-content\/uploads\/silos-almacenamiento-montaje-metalteco-video.jpg 480w, https:\/\/metalteco.com\/wp-content\/uploads\/silos-almacenamiento-montaje-metalteco-video-300x300.jpg 300w, https:\/\/metalteco.com\/wp-content\/uploads\/silos-almacenamiento-montaje-metalteco-video-150x150.jpg 150w\" sizes=\"(max-width: 480px) 100vw, 480px\" \/>\n            <\/div>\n        <\/div><div class=\"eael-entry-wrapper\"><header class=\"eael-entry-header\"><h2 class=\"eael-entry-title\"><a class=\"eael-grid-post-link\" href=\"https:\/\/metalteco.com\/en\/assembly-of-storage-silos\/\" title=\"ASSEMBLY OF STORAGE SILOS\">ASSEMBLY OF STORAGE SILOS<\/a><\/h2><\/header><\/div><\/div>\n        <\/div>\n    <\/article><article class=\"eael-grid-post  eael-post-grid-column eael-pg-post-684 category-videos-puertos\" data-id=\"684\">\n        <div class=\"eael-grid-post-holder\">\n            <div class=\"eael-grid-post-holder-inner\"><div class=\"eael-entry-media\"><div class=\"eael-entry-overlay fade-in\"><img decoding=\"async\" src=\"https:\/\/metalteco.com\/wp-content\/uploads\/2022\/08\/icono-metalteco.svg\" alt=\"Metalteco Icon\" \/><a href=\"https:\/\/metalteco.com\/en\/riverport-winery-mechanization\/\"><\/a><\/div><div class=\"eael-entry-thumbnail\">\n                <img decoding=\"async\" width=\"480\" height=\"480\" src=\"https:\/\/metalteco.com\/wp-content\/uploads\/riverport-mecanizacion-bodegas-video.jpg\" class=\"attachment-full size-full wp-image-302\" alt=\"\" srcset=\"https:\/\/metalteco.com\/wp-content\/uploads\/riverport-mecanizacion-bodegas-video.jpg 480w, https:\/\/metalteco.com\/wp-content\/uploads\/riverport-mecanizacion-bodegas-video-300x300.jpg 300w, https:\/\/metalteco.com\/wp-content\/uploads\/riverport-mecanizacion-bodegas-video-150x150.jpg 150w\" sizes=\"(max-width: 480px) 100vw, 480px\" \/>\n            <\/div>\n        <\/div><div class=\"eael-entry-wrapper\"><header class=\"eael-entry-header\"><h2 class=\"eael-entry-title\"><a class=\"eael-grid-post-link\" href=\"https:\/\/metalteco.com\/en\/riverport-winery-mechanization\/\" title=\"WINERY MECHANIZATION\">WINERY MECHANIZATION<\/a><\/h2><\/header><\/div><\/div>\n        <\/div>\n    <\/article><article class=\"eael-grid-post  eael-post-grid-column eael-pg-post-659 category-videos-puertos\" data-id=\"659\">\n        <div class=\"eael-grid-post-holder\">\n            <div class=\"eael-grid-post-holder-inner\"><div class=\"eael-entry-media\"><div class=\"eael-entry-overlay fade-in\"><img decoding=\"async\" src=\"https:\/\/metalteco.com\/wp-content\/uploads\/2022\/08\/icono-metalteco.svg\" alt=\"Metalteco Icon\" \/><a href=\"https:\/\/metalteco.com\/en\/port-society-of-santa-marta\/\"><\/a><\/div><div class=\"eael-entry-thumbnail\">\n                <img decoding=\"async\" width=\"480\" height=\"480\" src=\"https:\/\/metalteco.com\/wp-content\/uploads\/sociedad-portuaria-santa-marta-video.jpg\" class=\"attachment-full size-full wp-image-303\" alt=\"\" srcset=\"https:\/\/metalteco.com\/wp-content\/uploads\/sociedad-portuaria-santa-marta-video.jpg 480w, https:\/\/metalteco.com\/wp-content\/uploads\/sociedad-portuaria-santa-marta-video-300x300.jpg 300w, https:\/\/metalteco.com\/wp-content\/uploads\/sociedad-portuaria-santa-marta-video-150x150.jpg 150w\" sizes=\"(max-width: 480px) 100vw, 480px\" \/>\n            <\/div>\n        <\/div><div class=\"eael-entry-wrapper\"><header class=\"eael-entry-header\"><h2 class=\"eael-entry-title\"><a class=\"eael-grid-post-link\" href=\"https:\/\/metalteco.com\/en\/port-society-of-santa-marta\/\" title=\"PORT SOCIETY OF SANTA MARTA\">PORT SOCIETY OF SANTA MARTA<\/a><\/h2><\/header><\/div><\/div>\n        <\/div>\n    <\/article><article class=\"eael-grid-post  eael-post-grid-column eael-pg-post-635 category-videos-puertos\" data-id=\"635\">\n        <div class=\"eael-grid-post-holder\">\n            <div class=\"eael-grid-post-holder-inner\"><div class=\"eael-entry-media\"><div class=\"eael-entry-overlay fade-in\"><img decoding=\"async\" src=\"https:\/\/metalteco.com\/wp-content\/uploads\/2022\/08\/icono-metalteco.svg\" alt=\"Metalteco Icon\" \/><a href=\"https:\/\/metalteco.com\/en\/video-riverport-port-and-plant\/\"><\/a><\/div><div class=\"eael-entry-thumbnail\">\n                <img loading=\"lazy\" decoding=\"async\" width=\"480\" height=\"480\" src=\"https:\/\/metalteco.com\/wp-content\/uploads\/2019\/10\/miniatura-riverport-puerto-y-planta-metalteco.jpg\" class=\"attachment-full size-full wp-image-638\" alt=\"Miniature videos: Riverport Port and Plant\" srcset=\"https:\/\/metalteco.com\/wp-content\/uploads\/2019\/10\/miniatura-riverport-puerto-y-planta-metalteco.jpg 480w, https:\/\/metalteco.com\/wp-content\/uploads\/2019\/10\/miniatura-riverport-puerto-y-planta-metalteco-300x300.jpg 300w, https:\/\/metalteco.com\/wp-content\/uploads\/2019\/10\/miniatura-riverport-puerto-y-planta-metalteco-150x150.jpg 150w\" sizes=\"(max-width: 480px) 100vw, 480px\" \/>\n            <\/div>\n        <\/div><div class=\"eael-entry-wrapper\"><header class=\"eael-entry-header\"><h2 class=\"eael-entry-title\"><a class=\"eael-grid-post-link\" href=\"https:\/\/metalteco.com\/en\/video-riverport-port-and-plant\/\" title=\"RIVERPORT PORT AND PLANT\">RIVERPORT PORT AND PLANT<\/a><\/h2><\/header><\/div><\/div>\n        <\/div>\n    <\/article><\/div>\n            <div class=\"clearfix\"><\/div>\n        <\/div>\t\t\t\t<\/div>\n\t\t\t\t<\/div>\n\t\t\t\t\t<\/div>\n\t\t<\/div>\n\t\t\t\t\t<\/div>\n\t\t<\/section>\n\t\t\t\t<\/div>","protected":false},"excerpt":{"rendered":"<p>V\u00cdDEOS PUERTOS. Suscribete y recibe los v\u00eddeos que Metalteco tiene para todos ustedes. MONTAJE SILOS DE ALMACENAMIENTO MECANIZACI\u00d3N DE BODEGAS SOCIEDAD PORTUARIA DE SANTA MARTA RIVERPORT PUERTO Y PLANTA<\/p>","protected":false},"author":3,"featured_media":301,"parent":0,"menu_order":0,"comment_status":"closed","ping_status":"closed","template":"","meta":{"site-sidebar-layout":"no-sidebar","site-content-layout":"page-builder","ast-site-content-layout":"default","site-content-style":"default","site-sidebar-style":"default","ast-global-header-display":"","ast-banner-title-visibility":"","ast-main-header-display":"","ast-hfb-above-header-display":"","ast-hfb-below-header-display":"","ast-hfb-mobile-header-display":"","site-post-title":"disabled","ast-breadcrumbs-content":"","ast-featured-img":"disabled","footer-sml-layout":"","ast-disable-related-posts":"","theme-transparent-header-meta":"default","adv-header-id-meta":"","stick-header-meta":"","header-above-stick-meta":"","header-main-stick-meta":"","header-below-stick-meta":"","astra-migrate-meta-layouts":"default","ast-page-background-enabled":"default","ast-page-background-meta":{"desktop":{"background-color":"var(--ast-global-color-4)","background-image":"","background-repeat":"repeat","background-position":"center center","background-size":"auto","background-attachment":"scroll","background-type":"","background-media":"","overlay-type":"","overlay-color":"","overlay-opacity":"","overlay-gradient":""},"tablet":{"background-color":"","background-image":"","background-repeat":"repeat","background-position":"center center","background-size":"auto","background-attachment":"scroll","background-type":"","background-media":"","overlay-type":"","overlay-color":"","overlay-opacity":"","overlay-gradient":""},"mobile":{"background-color":"","background-image":"","background-repeat":"repeat","background-position":"center center","background-size":"auto","background-attachment":"scroll","background-type":"","background-media":"","overlay-type":"","overlay-color":"","overlay-opacity":"","overlay-gradient":""}},"ast-content-background-meta":{"desktop":{"background-color":"var(--ast-global-color-5)","background-image":"","background-repeat":"repeat","background-position":"center center","background-size":"auto","background-attachment":"scroll","background-type":"","background-media":"","overlay-type":"","overlay-color":"","overlay-opacity":"","overlay-gradient":""},"tablet":{"background-color":"var(--ast-global-color-5)","background-image":"","background-repeat":"repeat","background-position":"center center","background-size":"auto","background-attachment":"scroll","background-type":"","background-media":"","overlay-type":"","overlay-color":"","overlay-opacity":"","overlay-gradient":""},"mobile":{"background-color":"var(--ast-global-color-5)","background-image":"","background-repeat":"repeat","background-position":"center center","background-size":"auto","background-attachment":"scroll","background-type":"","background-media":"","overlay-type":"","overlay-color":"","overlay-opacity":"","overlay-gradient":""}},"footnotes":""},"class_list":["post-300","page","type-page","status-publish","has-post-thumbnail","hentry"],"yoast_head":"<!-- This site is optimized with the Yoast SEO plugin v27.3 - https:\/\/yoast.com\/product\/yoast-seo-wordpress\/ -->\n<title>V\u00cdDEOS PUERTOS - Plantas Completas para Alimentos Balanceados, Extracci\u00f3n de Aceite de Palma y Terminales Portuarias de Graneles Secos<\/title>\n<meta name=\"robots\" content=\"index, follow, max-snippet:-1, max-image-preview:large, max-video-preview:-1\" \/>\n<link rel=\"canonical\" href=\"https:\/\/metalteco.com\/en\/ports-videos\/\" \/>\n<meta property=\"og:locale\" content=\"en_US\" \/>\n<meta property=\"og:type\" content=\"article\" \/>\n<meta property=\"og:title\" content=\"V\u00cdDEOS PUERTOS - Plantas Completas para Alimentos Balanceados, Extracci\u00f3n de Aceite de Palma y Terminales Portuarias de Graneles Secos\" \/>\n<meta property=\"og:description\" content=\"V\u00cdDEOS PUERTOS. Suscribete y recibe los v\u00eddeos que Metalteco tiene para todos ustedes. MONTAJE SILOS DE ALMACENAMIENTO MECANIZACI\u00d3N DE BODEGAS SOCIEDAD PORTUARIA DE SANTA MARTA RIVERPORT PUERTO Y PLANTA\" \/>\n<meta property=\"og:url\" content=\"https:\/\/metalteco.com\/en\/ports-videos\/\" \/>\n<meta property=\"og:site_name\" content=\"Plantas Completas para Alimentos Balanceados, Extracci\u00f3n de Aceite de Palma y Terminales Portuarias de Graneles Secos\" \/>\n<meta property=\"article:publisher\" content=\"http:\/\/facebook.com\/metalteco\" \/>\n<meta property=\"article:modified_time\" content=\"2022-10-03T19:14:11+00:00\" \/>\n<meta property=\"og:image\" content=\"https:\/\/metalteco.com\/wp-content\/uploads\/puertos-videos-miniatura.jpg\" \/>\n\t<meta property=\"og:image:width\" content=\"480\" \/>\n\t<meta property=\"og:image:height\" content=\"480\" \/>\n\t<meta property=\"og:image:type\" content=\"image\/jpeg\" \/>\n<meta name=\"twitter:card\" content=\"summary_large_image\" \/>\n<script type=\"application\/ld+json\" class=\"yoast-schema-graph\">{\"@context\":\"https:\\\/\\\/schema.org\",\"@graph\":[{\"@type\":\"WebPage\",\"@id\":\"https:\\\/\\\/metalteco.com\\\/videos-puertos\\\/\",\"url\":\"https:\\\/\\\/metalteco.com\\\/videos-puertos\\\/\",\"name\":\"V\u00cdDEOS PUERTOS - Plantas Completas para Alimentos Balanceados, Extracci\u00f3n de Aceite de Palma y Terminales Portuarias de Graneles Secos\",\"isPartOf\":{\"@id\":\"https:\\\/\\\/metalteco.com\\\/#website\"},\"primaryImageOfPage\":{\"@id\":\"https:\\\/\\\/metalteco.com\\\/videos-puertos\\\/#primaryimage\"},\"image\":{\"@id\":\"https:\\\/\\\/metalteco.com\\\/videos-puertos\\\/#primaryimage\"},\"thumbnailUrl\":\"https:\\\/\\\/metalteco.com\\\/wp-content\\\/uploads\\\/puertos-videos-miniatura.jpg\",\"datePublished\":\"2022-01-08T08:39:05+00:00\",\"dateModified\":\"2022-10-03T19:14:11+00:00\",\"breadcrumb\":{\"@id\":\"https:\\\/\\\/metalteco.com\\\/videos-puertos\\\/#breadcrumb\"},\"inLanguage\":\"en-US\",\"potentialAction\":[{\"@type\":\"ReadAction\",\"target\":[\"https:\\\/\\\/metalteco.com\\\/videos-puertos\\\/\"]}]},{\"@type\":\"ImageObject\",\"inLanguage\":\"en-US\",\"@id\":\"https:\\\/\\\/metalteco.com\\\/videos-puertos\\\/#primaryimage\",\"url\":\"https:\\\/\\\/metalteco.com\\\/wp-content\\\/uploads\\\/puertos-videos-miniatura.jpg\",\"contentUrl\":\"https:\\\/\\\/metalteco.com\\\/wp-content\\\/uploads\\\/puertos-videos-miniatura.jpg\",\"width\":480,\"height\":480},{\"@type\":\"BreadcrumbList\",\"@id\":\"https:\\\/\\\/metalteco.com\\\/videos-puertos\\\/#breadcrumb\",\"itemListElement\":[{\"@type\":\"ListItem\",\"position\":1,\"name\":\"Portada\",\"item\":\"https:\\\/\\\/metalteco.com\\\/es\\\/\"},{\"@type\":\"ListItem\",\"position\":2,\"name\":\"V\u00cdDEOS PUERTOS\"}]},{\"@type\":\"WebSite\",\"@id\":\"https:\\\/\\\/metalteco.com\\\/#website\",\"url\":\"https:\\\/\\\/metalteco.com\\\/\",\"name\":\"Plantas Completas para Alimentos Balanceados, Extracci\u00f3n de Aceite de Palma y Terminales Portuarias de Graneles Secos\",\"description\":\"\u00a1Somo su Opci\u00f3n Total para el desarrollo de proyectos llave en mano!\",\"publisher\":{\"@id\":\"https:\\\/\\\/metalteco.com\\\/#organization\"},\"potentialAction\":[{\"@type\":\"SearchAction\",\"target\":{\"@type\":\"EntryPoint\",\"urlTemplate\":\"https:\\\/\\\/metalteco.com\\\/?s={search_term_string}\"},\"query-input\":{\"@type\":\"PropertyValueSpecification\",\"valueRequired\":true,\"valueName\":\"search_term_string\"}}],\"inLanguage\":\"en-US\"},{\"@type\":\"Organization\",\"@id\":\"https:\\\/\\\/metalteco.com\\\/#organization\",\"name\":\"Metalteco\",\"url\":\"https:\\\/\\\/metalteco.com\\\/\",\"logo\":{\"@type\":\"ImageObject\",\"inLanguage\":\"en-US\",\"@id\":\"https:\\\/\\\/metalteco.com\\\/#\\\/schema\\\/logo\\\/image\\\/\",\"url\":\"https:\\\/\\\/metalteco.com\\\/wp-content\\\/uploads\\\/2026\\\/03\\\/metalteco-logo-2026-color.png\",\"contentUrl\":\"https:\\\/\\\/metalteco.com\\\/wp-content\\\/uploads\\\/2026\\\/03\\\/metalteco-logo-2026-color.png\",\"width\":1920,\"height\":862,\"caption\":\"Metalteco\"},\"image\":{\"@id\":\"https:\\\/\\\/metalteco.com\\\/#\\\/schema\\\/logo\\\/image\\\/\"},\"sameAs\":[\"http:\\\/\\\/facebook.com\\\/metalteco\"]}]}<\/script>\n<!-- \/ Yoast SEO plugin. -->","yoast_head_json":{"title":"V\u00cdDEOS PUERTOS - Plantas Completas para Alimentos Balanceados, Extracci\u00f3n de Aceite de Palma y Terminales Portuarias de Graneles Secos","robots":{"index":"index","follow":"follow","max-snippet":"max-snippet:-1","max-image-preview":"max-image-preview:large","max-video-preview":"max-video-preview:-1"},"canonical":"https:\/\/metalteco.com\/en\/ports-videos\/","og_locale":"en_US","og_type":"article","og_title":"V\u00cdDEOS PUERTOS - Plantas Completas para Alimentos Balanceados, Extracci\u00f3n de Aceite de Palma y Terminales Portuarias de Graneles Secos","og_description":"V\u00cdDEOS PUERTOS. Suscribete y recibe los v\u00eddeos que Metalteco tiene para todos ustedes. MONTAJE SILOS DE ALMACENAMIENTO MECANIZACI\u00d3N DE BODEGAS SOCIEDAD PORTUARIA DE SANTA MARTA RIVERPORT PUERTO Y PLANTA","og_url":"https:\/\/metalteco.com\/en\/ports-videos\/","og_site_name":"Plantas Completas para Alimentos Balanceados, Extracci\u00f3n de Aceite de Palma y Terminales Portuarias de Graneles Secos","article_publisher":"http:\/\/facebook.com\/metalteco","article_modified_time":"2022-10-03T19:14:11+00:00","og_image":[{"width":480,"height":480,"url":"https:\/\/metalteco.com\/wp-content\/uploads\/puertos-videos-miniatura.jpg","type":"image\/jpeg"}],"twitter_card":"summary_large_image","schema":{"@context":"https:\/\/schema.org","@graph":[{"@type":"WebPage","@id":"https:\/\/metalteco.com\/videos-puertos\/","url":"https:\/\/metalteco.com\/videos-puertos\/","name":"V\u00cdDEOS PUERTOS - Plantas Completas para Alimentos Balanceados, Extracci\u00f3n de Aceite de Palma y Terminales Portuarias de Graneles Secos","isPartOf":{"@id":"https:\/\/metalteco.com\/#website"},"primaryImageOfPage":{"@id":"https:\/\/metalteco.com\/videos-puertos\/#primaryimage"},"image":{"@id":"https:\/\/metalteco.com\/videos-puertos\/#primaryimage"},"thumbnailUrl":"https:\/\/metalteco.com\/wp-content\/uploads\/puertos-videos-miniatura.jpg","datePublished":"2022-01-08T08:39:05+00:00","dateModified":"2022-10-03T19:14:11+00:00","breadcrumb":{"@id":"https:\/\/metalteco.com\/videos-puertos\/#breadcrumb"},"inLanguage":"en-US","potentialAction":[{"@type":"ReadAction","target":["https:\/\/metalteco.com\/videos-puertos\/"]}]},{"@type":"ImageObject","inLanguage":"en-US","@id":"https:\/\/metalteco.com\/videos-puertos\/#primaryimage","url":"https:\/\/metalteco.com\/wp-content\/uploads\/puertos-videos-miniatura.jpg","contentUrl":"https:\/\/metalteco.com\/wp-content\/uploads\/puertos-videos-miniatura.jpg","width":480,"height":480},{"@type":"BreadcrumbList","@id":"https:\/\/metalteco.com\/videos-puertos\/#breadcrumb","itemListElement":[{"@type":"ListItem","position":1,"name":"Portada","item":"https:\/\/metalteco.com\/es\/"},{"@type":"ListItem","position":2,"name":"V\u00cdDEOS PUERTOS"}]},{"@type":"WebSite","@id":"https:\/\/metalteco.com\/#website","url":"https:\/\/metalteco.com\/","name":"Plantas Completas para Alimentos Balanceados, Extracci\u00f3n de Aceite de Palma y Terminales Portuarias de Graneles Secos","description":"\u00a1Somo su Opci\u00f3n Total para el desarrollo de proyectos llave en mano!","publisher":{"@id":"https:\/\/metalteco.com\/#organization"},"potentialAction":[{"@type":"SearchAction","target":{"@type":"EntryPoint","urlTemplate":"https:\/\/metalteco.com\/?s={search_term_string}"},"query-input":{"@type":"PropertyValueSpecification","valueRequired":true,"valueName":"search_term_string"}}],"inLanguage":"en-US"},{"@type":"Organization","@id":"https:\/\/metalteco.com\/#organization","name":"Metalteco","url":"https:\/\/metalteco.com\/","logo":{"@type":"ImageObject","inLanguage":"en-US","@id":"https:\/\/metalteco.com\/#\/schema\/logo\/image\/","url":"https:\/\/metalteco.com\/wp-content\/uploads\/2026\/03\/metalteco-logo-2026-color.png","contentUrl":"https:\/\/metalteco.com\/wp-content\/uploads\/2026\/03\/metalteco-logo-2026-color.png","width":1920,"height":862,"caption":"Metalteco"},"image":{"@id":"https:\/\/metalteco.com\/#\/schema\/logo\/image\/"},"sameAs":["http:\/\/facebook.com\/metalteco"]}]}},"_links":{"self":[{"href":"https:\/\/metalteco.com\/en\/wp-json\/wp\/v2\/pages\/300","targetHints":{"allow":["GET"]}}],"collection":[{"href":"https:\/\/metalteco.com\/en\/wp-json\/wp\/v2\/pages"}],"about":[{"href":"https:\/\/metalteco.com\/en\/wp-json\/wp\/v2\/types\/page"}],"author":[{"embeddable":true,"href":"https:\/\/metalteco.com\/en\/wp-json\/wp\/v2\/users\/3"}],"replies":[{"embeddable":true,"href":"https:\/\/metalteco.com\/en\/wp-json\/wp\/v2\/comments?post=300"}],"version-history":[{"count":20,"href":"https:\/\/metalteco.com\/en\/wp-json\/wp\/v2\/pages\/300\/revisions"}],"predecessor-version":[{"id":7530,"href":"https:\/\/metalteco.com\/en\/wp-json\/wp\/v2\/pages\/300\/revisions\/7530"}],"wp:featuredmedia":[{"embeddable":true,"href":"https:\/\/metalteco.com\/en\/wp-json\/wp\/v2\/media\/301"}],"wp:attachment":[{"href":"https:\/\/metalteco.com\/en\/wp-json\/wp\/v2\/media?parent=300"}],"curies":[{"name":"wp","href":"https:\/\/api.w.org\/{rel}","templated":true}]}}